{"id":105,"date":"2020-06-24T07:16:32","date_gmt":"2020-06-24T07:16:32","guid":{"rendered":"https:\/\/jupiterx.artbees.net\/accountant\/?page_id=105"},"modified":"2025-08-16T02:09:13","modified_gmt":"2025-08-15T23:09:13","slug":"blog","status":"publish","type":"page","link":"https:\/\/tugluhukuk.com\/en\/blog\/","title":{"rendered":"Blog"},"content":{"rendered":"<div data-elementor-type=\"wp-page\" data-elementor-id=\"105\" class=\"elementor elementor-105\">\n\t\t\t\t<div class=\"elementor-element elementor-element-d896794 e-flex e-con-boxed e-con e-parent\" data-id=\"d896794\" data-element_type=\"container\" data-settings=\"{&quot;background_background&quot;:&quot;classic&quot;,&quot;jet_parallax_layout_list&quot;:[]}\">\n\t\t\t\t\t<div class=\"e-con-inner\">\n\t\t<div class=\"elementor-element elementor-element-2080353 e-con-full e-flex e-con e-child\" data-id=\"2080353\" data-element_type=\"container\" data-settings=\"{&quot;jet_parallax_layout_list&quot;:[]}\">\n\t\t\t\t<div class=\"elementor-element elementor-element-6b9c8d2 elementor-widget elementor-widget-heading\" data-id=\"6b9c8d2\" data-element_type=\"widget\" data-widget_type=\"heading.default\">\n\t\t\t\t\t<h2 class=\"elementor-heading-title elementor-size-default\">Our Blog Posts<\/h2>\t\t\t\t<\/div>\n\t\t\t\t<\/div>\n\t\t\t\t\t<\/div>\n\t\t\t\t<\/div>\n\t\t<div class=\"elementor-element elementor-element-95e6391 e-flex e-con-boxed elementor-invisible e-con e-parent\" data-id=\"95e6391\" data-element_type=\"container\" data-settings=\"{&quot;jet_parallax_layout_list&quot;:[],&quot;animation&quot;:&quot;fadeInUp&quot;}\">\n\t\t\t\t\t<div class=\"e-con-inner\">\n\t\t<div class=\"elementor-element elementor-element-12b46d6 e-con-full e-flex e-con e-child\" data-id=\"12b46d6\" data-element_type=\"container\" data-settings=\"{&quot;jet_parallax_layout_list&quot;:[]}\">\n\t\t\t\t<div class=\"elementor-element elementor-element-44614b8 elementor-widget elementor-widget-heading\" data-id=\"44614b8\" data-element_type=\"widget\" data-widget_type=\"heading.default\">\n\t\t\t\t\t<h2 class=\"elementor-heading-title elementor-size-default\">What We Have Prepared For You<\/h2>\t\t\t\t<\/div>\n\t\t\t\t<div class=\"elementor-element elementor-element-d70e010 raven-hover-grayscale raven-button-align-center elementor-widget elementor-widget-raven-posts-carousel\" data-id=\"d70e010\" data-element_type=\"widget\" data-settings=\"{&quot;classic_slides_view&quot;:&quot;4&quot;,&quot;classic_post_image_hover_effect&quot;:&quot;grayscale&quot;,&quot;_skin&quot;:&quot;classic&quot;,&quot;classic_slides_view_tablet&quot;:&quot;2&quot;,&quot;classic_slides_view_mobile&quot;:&quot;1&quot;,&quot;classic_slides_scroll&quot;:&quot;1&quot;,&quot;classic_slides_scroll_tablet&quot;:&quot;1&quot;,&quot;classic_slides_scroll_mobile&quot;:&quot;1&quot;,&quot;classic_transition_speed&quot;:500,&quot;classic_enable_infinite_loop&quot;:&quot;yes&quot;,&quot;classic_show_arrows&quot;:&quot;yes&quot;,&quot;query_offset&quot;:0,&quot;classic_columns_space_between&quot;:{&quot;unit&quot;:&quot;px&quot;,&quot;size&quot;:30,&quot;sizes&quot;:[]},&quot;classic_columns_space_between_tablet&quot;:{&quot;unit&quot;:&quot;px&quot;,&quot;size&quot;:20,&quot;sizes&quot;:[]},&quot;classic_columns_space_between_mobile&quot;:{&quot;unit&quot;:&quot;px&quot;,&quot;size&quot;:10,&quot;sizes&quot;:[]}}\" data-widget_type=\"raven-posts-carousel.classic\">\n\t\t\t\t<div class=\"elementor-widget-container\">\n\t\t\t\t\t\t\t<div class=\"raven-posts-carousel raven-swiper-slider\">\r\n\t\t\t<div class=\"raven-posts-carousel-swiper-container swiper\">\r\n\t\t\t\t<div class=\"swiper-wrapper swiper-columns-4\" data-swiper='{&quot;rtl&quot;:false}'>\r\n\t\t\r\n\t\t<div class=\"swiper-slide\">\r\n\t\t\t<div class=\"raven-post-wrapper\">\r\n\t\t\t\t<div class=\"raven-post\">\r\n\t\t\t\t\t\t\t<div class=\"raven-post-image-wrap\">\r\n\t\t\t<a class=\"raven-post-image raven-image-fit\"  href=\"https:\/\/tugluhukuk.com\/en\/alanyada-hukuki-destek-arayanlarin-ilk-tercihi-tuglu-hukuk-burosu\/\"><img fetchpriority=\"high\" decoding=\"async\" width=\"1024\" height=\"1024\" src=\"https:\/\/tugluhukuk.com\/wp-content\/uploads\/2025\/08\/1-4.png\" class=\"attachment-large size-large wp-image-760\" alt=\"\" srcset=\"https:\/\/tugluhukuk.com\/wp-content\/uploads\/2025\/08\/1-4.png 1024w, https:\/\/tugluhukuk.com\/wp-content\/uploads\/2025\/08\/1-4-300x300.png 300w, https:\/\/tugluhukuk.com\/wp-content\/uploads\/2025\/08\/1-4-150x150.png 150w, https:\/\/tugluhukuk.com\/wp-content\/uploads\/2025\/08\/1-4-768x768.png 768w, https:\/\/tugluhukuk.com\/wp-content\/uploads\/2025\/08\/1-4-12x12.png 12w, https:\/\/tugluhukuk.com\/wp-content\/uploads\/2025\/08\/1-4-500x500.png 500w\" sizes=\"(max-width: 1024px) 100vw, 1024px\" \/> <span class=\"raven-post-image-overlay\"><\/span><\/a>\t\t<\/div>\r\n\t\t\r\n\t\t\t\t\t<div class=\"raven-post-content\">\r\n\t\t\t\t\t\t<h3 class=\"raven-post-title\"><a class=\"raven-post-title-link\" href=\"https:\/\/tugluhukuk.com\/en\/alanyada-hukuki-destek-arayanlarin-ilk-tercihi-tuglu-hukuk-burosu\/\">The First Choice of Those Seeking Legal Support in Alanya: Tu\u011flu Law Firm<\/a><\/h3><div class=\"raven-post-excerpt\">Legal issues are among the inevitable situations that individuals and organizations encounter in today&#039;s lives. Whether it&#039;s a family law case, a criminal investigation, or a bank&#039;s enforcement proceedings,<\/div>\t\t<div class=\"raven-post-read-more\">\r\n\t\t\t<a class=\"raven-post-button\" href=\"https:\/\/tugluhukuk.com\/en\/alanyada-hukuki-destek-arayanlarin-ilk-tercihi-tuglu-hukuk-burosu\/\"><span class=\"raven-post-button-text\">Read more<\/span><\/a>\r\n\t\t<\/div>\r\n\t\t\t\t\t\t\t<\/div>\r\n\t\t\t\t<\/div>\r\n\t\t\t<\/div>\r\n\t\t<\/div>\r\n\t\t\r\n\t\t<div class=\"swiper-slide\">\r\n\t\t\t<div class=\"raven-post-wrapper\">\r\n\t\t\t\t<div class=\"raven-post\">\r\n\t\t\t\t\t\t\t<div class=\"raven-post-image-wrap\">\r\n\t\t\t<a class=\"raven-post-image raven-image-fit\"  href=\"https:\/\/tugluhukuk.com\/en\/alanyada-hukukun-guvencesi-tuglu-hukuk-burosu-ile-haklarinizi-koruyun\/\"><img decoding=\"async\" width=\"1024\" height=\"1024\" src=\"https:\/\/tugluhukuk.com\/wp-content\/uploads\/2025\/08\/2-3.png\" class=\"attachment-large size-large wp-image-761\" alt=\"\" srcset=\"https:\/\/tugluhukuk.com\/wp-content\/uploads\/2025\/08\/2-3.png 1024w, https:\/\/tugluhukuk.com\/wp-content\/uploads\/2025\/08\/2-3-300x300.png 300w, https:\/\/tugluhukuk.com\/wp-content\/uploads\/2025\/08\/2-3-150x150.png 150w, https:\/\/tugluhukuk.com\/wp-content\/uploads\/2025\/08\/2-3-768x768.png 768w, https:\/\/tugluhukuk.com\/wp-content\/uploads\/2025\/08\/2-3-12x12.png 12w, https:\/\/tugluhukuk.com\/wp-content\/uploads\/2025\/08\/2-3-500x500.png 500w\" sizes=\"(max-width: 1024px) 100vw, 1024px\" \/> <span class=\"raven-post-image-overlay\"><\/span><\/a>\t\t<\/div>\r\n\t\t\r\n\t\t\t\t\t<div class=\"raven-post-content\">\r\n\t\t\t\t\t\t<h3 class=\"raven-post-title\"><a class=\"raven-post-title-link\" href=\"https:\/\/tugluhukuk.com\/en\/alanyada-hukukun-guvencesi-tuglu-hukuk-burosu-ile-haklarinizi-koruyun\/\">Legal Assurance in Alanya: Protect Your Rights with Tu\u011flu Law Firm<\/a><\/h3><div class=\"raven-post-excerpt\">When you encounter a legal issue, the first step you take directly impacts your future. One wrong move can mean a loss of both time and money. This is where a powerful answer to your search for a lawyer in Alanya comes in.<\/div>\t\t<div class=\"raven-post-read-more\">\r\n\t\t\t<a class=\"raven-post-button\" href=\"https:\/\/tugluhukuk.com\/en\/alanyada-hukukun-guvencesi-tuglu-hukuk-burosu-ile-haklarinizi-koruyun\/\"><span class=\"raven-post-button-text\">Read more<\/span><\/a>\r\n\t\t<\/div>\r\n\t\t\t\t\t\t\t<\/div>\r\n\t\t\t\t<\/div>\r\n\t\t\t<\/div>\r\n\t\t<\/div>\r\n\t\t\r\n\t\t<div class=\"swiper-slide\">\r\n\t\t\t<div class=\"raven-post-wrapper\">\r\n\t\t\t\t<div class=\"raven-post\">\r\n\t\t\t\t\t\t\t<div class=\"raven-post-image-wrap\">\r\n\t\t\t<a class=\"raven-post-image raven-image-fit\"  href=\"https:\/\/tugluhukuk.com\/en\/tuglu-hukuk-burosu-alanyada-guvenilir-hukuki-cozum-ortaginiz\/\"><img decoding=\"async\" width=\"1024\" height=\"1024\" src=\"https:\/\/tugluhukuk.com\/wp-content\/uploads\/2025\/08\/3-3.png\" class=\"attachment-large size-large wp-image-762\" alt=\"\" srcset=\"https:\/\/tugluhukuk.com\/wp-content\/uploads\/2025\/08\/3-3.png 1024w, https:\/\/tugluhukuk.com\/wp-content\/uploads\/2025\/08\/3-3-300x300.png 300w, https:\/\/tugluhukuk.com\/wp-content\/uploads\/2025\/08\/3-3-150x150.png 150w, https:\/\/tugluhukuk.com\/wp-content\/uploads\/2025\/08\/3-3-768x768.png 768w, https:\/\/tugluhukuk.com\/wp-content\/uploads\/2025\/08\/3-3-12x12.png 12w, https:\/\/tugluhukuk.com\/wp-content\/uploads\/2025\/08\/3-3-500x500.png 500w\" sizes=\"(max-width: 1024px) 100vw, 1024px\" \/> <span class=\"raven-post-image-overlay\"><\/span><\/a>\t\t<\/div>\r\n\t\t\r\n\t\t\t\t\t<div class=\"raven-post-content\">\r\n\t\t\t\t\t\t<h3 class=\"raven-post-title\"><a class=\"raven-post-title-link\" href=\"https:\/\/tugluhukuk.com\/en\/tuglu-hukuk-burosu-alanyada-guvenilir-hukuki-cozum-ortaginiz\/\">Tu\u011flu Law Firm: Your Reliable Legal Solution Partner in Alanya<\/a><\/h3><div class=\"raven-post-excerpt\">Law is one of the most important elements we encounter in every aspect of life, protecting our rights and maintaining order. Whether individual or corporate, when you encounter a legal issue, it&#039;s important to take the right step and manage the process with experts.<\/div>\t\t<div class=\"raven-post-read-more\">\r\n\t\t\t<a class=\"raven-post-button\" href=\"https:\/\/tugluhukuk.com\/en\/tuglu-hukuk-burosu-alanyada-guvenilir-hukuki-cozum-ortaginiz\/\"><span class=\"raven-post-button-text\">Read more<\/span><\/a>\r\n\t\t<\/div>\r\n\t\t\t\t\t\t\t<\/div>\r\n\t\t\t\t<\/div>\r\n\t\t\t<\/div>\r\n\t\t<\/div>\r\n\t\t\r\n\t\t<div class=\"swiper-slide\">\r\n\t\t\t<div class=\"raven-post-wrapper\">\r\n\t\t\t\t<div class=\"raven-post\">\r\n\t\t\t\t\t\t\t<div class=\"raven-post-image-wrap\">\r\n\t\t\t<a class=\"raven-post-image raven-image-fit\"  href=\"https:\/\/tugluhukuk.com\/en\/tuglu-hukuk-burosu-alanyada-tecrube-guven-ve-sonuc-odakli-hukuki-hizmet\/\"><img loading=\"lazy\" decoding=\"async\" width=\"1024\" height=\"1024\" src=\"https:\/\/tugluhukuk.com\/wp-content\/uploads\/2025\/08\/4-3.png\" class=\"attachment-large size-large wp-image-763\" alt=\"\" srcset=\"https:\/\/tugluhukuk.com\/wp-content\/uploads\/2025\/08\/4-3.png 1024w, https:\/\/tugluhukuk.com\/wp-content\/uploads\/2025\/08\/4-3-300x300.png 300w, https:\/\/tugluhukuk.com\/wp-content\/uploads\/2025\/08\/4-3-150x150.png 150w, https:\/\/tugluhukuk.com\/wp-content\/uploads\/2025\/08\/4-3-768x768.png 768w, https:\/\/tugluhukuk.com\/wp-content\/uploads\/2025\/08\/4-3-12x12.png 12w, https:\/\/tugluhukuk.com\/wp-content\/uploads\/2025\/08\/4-3-500x500.png 500w\" sizes=\"(max-width: 1024px) 100vw, 1024px\" \/> <span class=\"raven-post-image-overlay\"><\/span><\/a>\t\t<\/div>\r\n\t\t\r\n\t\t\t\t\t<div class=\"raven-post-content\">\r\n\t\t\t\t\t\t<h3 class=\"raven-post-title\"><a class=\"raven-post-title-link\" href=\"https:\/\/tugluhukuk.com\/en\/tuglu-hukuk-burosu-alanyada-tecrube-guven-ve-sonuc-odakli-hukuki-hizmet\/\">Tu\u011flu Law Firm: Experience, Trust and Result-Oriented Legal Service in Alanya<\/a><\/h3><div class=\"raven-post-excerpt\">When you face a legal issue, choosing the right lawyer determines the outcome of the process. Whether it&#039;s an individual or a corporate matter, legal processes must be managed meticulously and your rights must be defended in the strongest possible way. Here&#039;s the full story.<\/div>\t\t<div class=\"raven-post-read-more\">\r\n\t\t\t<a class=\"raven-post-button\" href=\"https:\/\/tugluhukuk.com\/en\/tuglu-hukuk-burosu-alanyada-tecrube-guven-ve-sonuc-odakli-hukuki-hizmet\/\"><span class=\"raven-post-button-text\">Read more<\/span><\/a>\r\n\t\t<\/div>\r\n\t\t\t\t\t\t\t<\/div>\r\n\t\t\t\t<\/div>\r\n\t\t\t<\/div>\r\n\t\t<\/div>\r\n\t\t\r\n\t\t<div class=\"swiper-slide\">\r\n\t\t\t<div class=\"raven-post-wrapper\">\r\n\t\t\t\t<div class=\"raven-post\">\r\n\t\t\t\t\t\t\t<div class=\"raven-post-image-wrap\">\r\n\t\t\t<a class=\"raven-post-image raven-image-fit\"  href=\"https:\/\/tugluhukuk.com\/en\/tuglu-hukuk-burosu-alanyada-guvenilir-hukuki-cozum-adresi\/\"><img loading=\"lazy\" decoding=\"async\" width=\"1024\" height=\"1024\" src=\"https:\/\/tugluhukuk.com\/wp-content\/uploads\/2025\/08\/5-2.png\" class=\"attachment-large size-large wp-image-764\" alt=\"\" srcset=\"https:\/\/tugluhukuk.com\/wp-content\/uploads\/2025\/08\/5-2.png 1024w, https:\/\/tugluhukuk.com\/wp-content\/uploads\/2025\/08\/5-2-300x300.png 300w, https:\/\/tugluhukuk.com\/wp-content\/uploads\/2025\/08\/5-2-150x150.png 150w, https:\/\/tugluhukuk.com\/wp-content\/uploads\/2025\/08\/5-2-768x768.png 768w, https:\/\/tugluhukuk.com\/wp-content\/uploads\/2025\/08\/5-2-12x12.png 12w, https:\/\/tugluhukuk.com\/wp-content\/uploads\/2025\/08\/5-2-500x500.png 500w\" sizes=\"(max-width: 1024px) 100vw, 1024px\" \/> <span class=\"raven-post-image-overlay\"><\/span><\/a>\t\t<\/div>\r\n\t\t\r\n\t\t\t\t\t<div class=\"raven-post-content\">\r\n\t\t\t\t\t\t<h3 class=\"raven-post-title\"><a class=\"raven-post-title-link\" href=\"https:\/\/tugluhukuk.com\/en\/tuglu-hukuk-burosu-alanyada-guvenilir-hukuki-cozum-adresi\/\">Tu\u011flu Law Firm: Your Reliable Legal Solution Address in Alanya<\/a><\/h3><div class=\"raven-post-excerpt\">When you&#039;re facing a legal issue, it&#039;s crucial to take the right steps and have the process managed by experts. One wrong step can have negative consequences, both financially and emotionally.<\/div>\t\t<div class=\"raven-post-read-more\">\r\n\t\t\t<a class=\"raven-post-button\" href=\"https:\/\/tugluhukuk.com\/en\/tuglu-hukuk-burosu-alanyada-guvenilir-hukuki-cozum-adresi\/\"><span class=\"raven-post-button-text\">Read more<\/span><\/a>\r\n\t\t<\/div>\r\n\t\t\t\t\t\t\t<\/div>\r\n\t\t\t\t<\/div>\r\n\t\t\t<\/div>\r\n\t\t<\/div>\r\n\t\t\r\n\t\t<div class=\"swiper-slide\">\r\n\t\t\t<div class=\"raven-post-wrapper\">\r\n\t\t\t\t<div class=\"raven-post\">\r\n\t\t\t\t\t\t\t<div class=\"raven-post-image-wrap\">\r\n\t\t\t<a class=\"raven-post-image raven-image-fit\"  href=\"https:\/\/tugluhukuk.com\/en\/tuglu-hukuk-burosu-alanyada-hukukun-guclu-temsilcisi\/\"><img loading=\"lazy\" decoding=\"async\" width=\"1024\" height=\"1024\" src=\"https:\/\/tugluhukuk.com\/wp-content\/uploads\/2025\/08\/6-2.png\" class=\"attachment-large size-large wp-image-765\" alt=\"\" srcset=\"https:\/\/tugluhukuk.com\/wp-content\/uploads\/2025\/08\/6-2.png 1024w, https:\/\/tugluhukuk.com\/wp-content\/uploads\/2025\/08\/6-2-300x300.png 300w, https:\/\/tugluhukuk.com\/wp-content\/uploads\/2025\/08\/6-2-150x150.png 150w, https:\/\/tugluhukuk.com\/wp-content\/uploads\/2025\/08\/6-2-768x768.png 768w, https:\/\/tugluhukuk.com\/wp-content\/uploads\/2025\/08\/6-2-12x12.png 12w, https:\/\/tugluhukuk.com\/wp-content\/uploads\/2025\/08\/6-2-500x500.png 500w\" sizes=\"(max-width: 1024px) 100vw, 1024px\" \/> <span class=\"raven-post-image-overlay\"><\/span><\/a>\t\t<\/div>\r\n\t\t\r\n\t\t\t\t\t<div class=\"raven-post-content\">\r\n\t\t\t\t\t\t<h3 class=\"raven-post-title\"><a class=\"raven-post-title-link\" href=\"https:\/\/tugluhukuk.com\/en\/tuglu-hukuk-burosu-alanyada-hukukun-guclu-temsilcisi\/\">Tu\u011flu Law Firm: A Strong Representative of Law in Alanya<\/a><\/h3><div class=\"raven-post-excerpt\">Law is one of the most important elements protecting the rights of individuals and institutions. However, when facing a legal issue, choosing the right lawyer and managing the process professionally plays a decisive role in the success of the outcome. Alanya<\/div>\t\t<div class=\"raven-post-read-more\">\r\n\t\t\t<a class=\"raven-post-button\" href=\"https:\/\/tugluhukuk.com\/en\/tuglu-hukuk-burosu-alanyada-hukukun-guclu-temsilcisi\/\"><span class=\"raven-post-button-text\">Read more<\/span><\/a>\r\n\t\t<\/div>\r\n\t\t\t\t\t\t\t<\/div>\r\n\t\t\t\t<\/div>\r\n\t\t\t<\/div>\r\n\t\t<\/div>\r\n\t\t\t\t\t\t<\/div>\r\n\t\t<div class=\"swiper-pagination swiper-pager-outside bullets-pagination-type\"><\/div>\r\n\t\t<\/div>\r\n\r\n\t\t\t\t\t\t\t<div class=\"swiper-button-prev\"><\/div>\r\n\t\t\t\t<div class=\"swiper-button-next\"><\/div>\r\n\t\t\t\r\n\t\t<\/div>\r\n\t\t\t\t\t\t<\/div>\n\t\t\t\t<\/div>\n\t\t\t\t<\/div>\n\t\t\t\t\t<\/div>\n\t\t\t\t<\/div>\n\t\t\t\t<\/div>","protected":false},"excerpt":{"rendered":"<p>Blog Yaz\u0131lar\u0131m\u0131z Sizin \u0130\u00e7in Haz\u0131rlad\u0131klar\u0131m\u0131z Test Blog Yaz\u0131s\u0131 Ba\u015fl\u0131\u011f\u0131 Lorem ipsum dolor sit amet, consectetur adipiscing elit. Ut elit tellus, luctus nec ullamcorper mattis, pulvinar dapibus leo.Lorem ipsum dolor sit amet, consectetur adipiscing elit. Ut elit tellus, luctus nec Devam\u0131n\u0131 Oku Test Blog Yaz\u0131s\u0131 Ba\u015fl\u0131\u011f\u0131 Lorem ipsum dolor sit amet, consectetur adipiscing elit. Ut elit [&hellip;]<\/p>","protected":false},"author":1,"featured_media":636,"parent":0,"menu_order":0,"comment_status":"closed","ping_status":"closed","template":"elementor_header_footer","meta":{"_acf_changed":false,"footnotes":""},"class_list":["post-105","page","type-page","status-publish","has-post-thumbnail","hentry"],"acf":[],"yoast_head":"<!-- This site is optimized with the Yoast SEO plugin v25.6 - https:\/\/yoast.com\/wordpress\/plugins\/seo\/ -->\n<title>Blog<\/title>\n<meta name=\"robots\" content=\"index, follow, max-snippet:-1, max-image-preview:large, max-video-preview:-1\" \/>\n<link rel=\"canonical\" href=\"https:\/\/tugluhukuk.com\/en\/blog\/\" \/>\n<meta property=\"og:locale\" content=\"en_US\" \/>\n<meta property=\"og:type\" content=\"article\" \/>\n<meta property=\"og:title\" content=\"Blog\" \/>\n<meta property=\"og:description\" content=\"Blog Yaz\u0131lar\u0131m\u0131z Sizin \u0130\u00e7in Haz\u0131rlad\u0131klar\u0131m\u0131z Test Blog Yaz\u0131s\u0131 Ba\u015fl\u0131\u011f\u0131 Lorem ipsum dolor sit amet, consectetur adipiscing elit. Ut elit tellus, luctus nec ullamcorper mattis, pulvinar dapibus leo.Lorem ipsum dolor sit amet, consectetur adipiscing elit. Ut elit tellus, luctus nec Devam\u0131n\u0131 Oku Test Blog Yaz\u0131s\u0131 Ba\u015fl\u0131\u011f\u0131 Lorem ipsum dolor sit amet, consectetur adipiscing elit. Ut elit [&hellip;]\" \/>\n<meta property=\"og:url\" content=\"https:\/\/tugluhukuk.com\/en\/blog\/\" \/>\n<meta property=\"og:site_name\" content=\"Tu\u011flu Hukuk | Hukuk ve Dan\u0131\u015fmanl\u0131k Hizmeti\" \/>\n<meta property=\"article:modified_time\" content=\"2025-08-15T23:09:13+00:00\" \/>\n<meta property=\"og:image\" content=\"https:\/\/tugluhukuk.com\/wp-content\/uploads\/2025\/08\/Tuglu-Hukuk-Favicon.png\" \/>\n\t<meta property=\"og:image:width\" content=\"1024\" \/>\n\t<meta property=\"og:image:height\" content=\"1024\" \/>\n\t<meta property=\"og:image:type\" content=\"image\/png\" \/>\n<meta name=\"twitter:card\" content=\"summary_large_image\" \/>\n<meta name=\"twitter:label1\" content=\"Est. reading time\" \/>\n\t<meta name=\"twitter:data1\" content=\"6 minutes\" \/>\n<script type=\"application\/ld+json\" class=\"yoast-schema-graph\">{\"@context\":\"https:\/\/schema.org\",\"@graph\":[{\"@type\":\"WebPage\",\"@id\":\"https:\/\/tugluhukuk.com\/blog\/\",\"url\":\"https:\/\/tugluhukuk.com\/blog\/\",\"name\":\"Blog\",\"isPartOf\":{\"@id\":\"https:\/\/tugluhukuk.com\/#website\"},\"primaryImageOfPage\":{\"@id\":\"https:\/\/tugluhukuk.com\/blog\/#primaryimage\"},\"image\":{\"@id\":\"https:\/\/tugluhukuk.com\/blog\/#primaryimage\"},\"thumbnailUrl\":\"https:\/\/tugluhukuk.com\/wp-content\/uploads\/2025\/08\/Tuglu-Hukuk-Favicon.png\",\"datePublished\":\"2020-06-24T07:16:32+00:00\",\"dateModified\":\"2025-08-15T23:09:13+00:00\",\"breadcrumb\":{\"@id\":\"https:\/\/tugluhukuk.com\/blog\/#breadcrumb\"},\"inLanguage\":\"en-US\",\"potentialAction\":[{\"@type\":\"ReadAction\",\"target\":[\"https:\/\/tugluhukuk.com\/blog\/\"]}]},{\"@type\":\"ImageObject\",\"inLanguage\":\"en-US\",\"@id\":\"https:\/\/tugluhukuk.com\/blog\/#primaryimage\",\"url\":\"https:\/\/tugluhukuk.com\/wp-content\/uploads\/2025\/08\/Tuglu-Hukuk-Favicon.png\",\"contentUrl\":\"https:\/\/tugluhukuk.com\/wp-content\/uploads\/2025\/08\/Tuglu-Hukuk-Favicon.png\",\"width\":1024,\"height\":1024,\"caption\":\"Tu\u011flu Hukuk Favicon\"},{\"@type\":\"BreadcrumbList\",\"@id\":\"https:\/\/tugluhukuk.com\/blog\/#breadcrumb\",\"itemListElement\":[{\"@type\":\"ListItem\",\"position\":1,\"name\":\"Anasayfa\",\"item\":\"https:\/\/tugluhukuk.com\/\"},{\"@type\":\"ListItem\",\"position\":2,\"name\":\"Blog\"}]},{\"@type\":\"WebSite\",\"@id\":\"https:\/\/tugluhukuk.com\/#website\",\"url\":\"https:\/\/tugluhukuk.com\/\",\"name\":\"Tu\u011flu Hukuk | Hukuk ve Dan\u0131\u015fmanl\u0131k Hizmeti\",\"description\":\"Tu\u011flu Hukuk | Hukuk ve Dan\u0131\u015fmanl\u0131k Hizmeti\",\"potentialAction\":[{\"@type\":\"SearchAction\",\"target\":{\"@type\":\"EntryPoint\",\"urlTemplate\":\"https:\/\/tugluhukuk.com\/?s={search_term_string}\"},\"query-input\":{\"@type\":\"PropertyValueSpecification\",\"valueRequired\":true,\"valueName\":\"search_term_string\"}}],\"inLanguage\":\"en-US\"}]}<\/script>\n<!-- \/ Yoast SEO plugin. -->","yoast_head_json":{"title":"Blog","robots":{"index":"index","follow":"follow","max-snippet":"max-snippet:-1","max-image-preview":"max-image-preview:large","max-video-preview":"max-video-preview:-1"},"canonical":"https:\/\/tugluhukuk.com\/en\/blog\/","og_locale":"en_US","og_type":"article","og_title":"Blog","og_description":"Blog Yaz\u0131lar\u0131m\u0131z Sizin \u0130\u00e7in Haz\u0131rlad\u0131klar\u0131m\u0131z Test Blog Yaz\u0131s\u0131 Ba\u015fl\u0131\u011f\u0131 Lorem ipsum dolor sit amet, consectetur adipiscing elit. Ut elit tellus, luctus nec ullamcorper mattis, pulvinar dapibus leo.Lorem ipsum dolor sit amet, consectetur adipiscing elit. Ut elit tellus, luctus nec Devam\u0131n\u0131 Oku Test Blog Yaz\u0131s\u0131 Ba\u015fl\u0131\u011f\u0131 Lorem ipsum dolor sit amet, consectetur adipiscing elit. Ut elit [&hellip;]","og_url":"https:\/\/tugluhukuk.com\/en\/blog\/","og_site_name":"Tu\u011flu Hukuk | Hukuk ve Dan\u0131\u015fmanl\u0131k Hizmeti","article_modified_time":"2025-08-15T23:09:13+00:00","og_image":[{"width":1024,"height":1024,"url":"https:\/\/tugluhukuk.com\/wp-content\/uploads\/2025\/08\/Tuglu-Hukuk-Favicon.png","type":"image\/png"}],"twitter_card":"summary_large_image","twitter_misc":{"Est. reading time":"6 minutes"},"schema":{"@context":"https:\/\/schema.org","@graph":[{"@type":"WebPage","@id":"https:\/\/tugluhukuk.com\/blog\/","url":"https:\/\/tugluhukuk.com\/blog\/","name":"Blog","isPartOf":{"@id":"https:\/\/tugluhukuk.com\/#website"},"primaryImageOfPage":{"@id":"https:\/\/tugluhukuk.com\/blog\/#primaryimage"},"image":{"@id":"https:\/\/tugluhukuk.com\/blog\/#primaryimage"},"thumbnailUrl":"https:\/\/tugluhukuk.com\/wp-content\/uploads\/2025\/08\/Tuglu-Hukuk-Favicon.png","datePublished":"2020-06-24T07:16:32+00:00","dateModified":"2025-08-15T23:09:13+00:00","breadcrumb":{"@id":"https:\/\/tugluhukuk.com\/blog\/#breadcrumb"},"inLanguage":"en-US","potentialAction":[{"@type":"ReadAction","target":["https:\/\/tugluhukuk.com\/blog\/"]}]},{"@type":"ImageObject","inLanguage":"en-US","@id":"https:\/\/tugluhukuk.com\/blog\/#primaryimage","url":"https:\/\/tugluhukuk.com\/wp-content\/uploads\/2025\/08\/Tuglu-Hukuk-Favicon.png","contentUrl":"https:\/\/tugluhukuk.com\/wp-content\/uploads\/2025\/08\/Tuglu-Hukuk-Favicon.png","width":1024,"height":1024,"caption":"Tu\u011flu Hukuk Favicon"},{"@type":"BreadcrumbList","@id":"https:\/\/tugluhukuk.com\/blog\/#breadcrumb","itemListElement":[{"@type":"ListItem","position":1,"name":"Anasayfa","item":"https:\/\/tugluhukuk.com\/"},{"@type":"ListItem","position":2,"name":"Blog"}]},{"@type":"WebSite","@id":"https:\/\/tugluhukuk.com\/#website","url":"https:\/\/tugluhukuk.com\/","name":"Tu\u011flu Hukuk | Hukuk ve Dan\u0131\u015fmanl\u0131k Hizmeti","description":"Tu\u011flu Hukuk | Hukuk ve Dan\u0131\u015fmanl\u0131k Hizmeti","potentialAction":[{"@type":"SearchAction","target":{"@type":"EntryPoint","urlTemplate":"https:\/\/tugluhukuk.com\/?s={search_term_string}"},"query-input":{"@type":"PropertyValueSpecification","valueRequired":true,"valueName":"search_term_string"}}],"inLanguage":"en-US"}]}},"_links":{"self":[{"href":"https:\/\/tugluhukuk.com\/en\/wp-json\/wp\/v2\/pages\/105","targetHints":{"allow":["GET"]}}],"collection":[{"href":"https:\/\/tugluhukuk.com\/en\/wp-json\/wp\/v2\/pages"}],"about":[{"href":"https:\/\/tugluhukuk.com\/en\/wp-json\/wp\/v2\/types\/page"}],"author":[{"embeddable":true,"href":"https:\/\/tugluhukuk.com\/en\/wp-json\/wp\/v2\/users\/1"}],"replies":[{"embeddable":true,"href":"https:\/\/tugluhukuk.com\/en\/wp-json\/wp\/v2\/comments?post=105"}],"version-history":[{"count":9,"href":"https:\/\/tugluhukuk.com\/en\/wp-json\/wp\/v2\/pages\/105\/revisions"}],"predecessor-version":[{"id":756,"href":"https:\/\/tugluhukuk.com\/en\/wp-json\/wp\/v2\/pages\/105\/revisions\/756"}],"wp:featuredmedia":[{"embeddable":true,"href":"https:\/\/tugluhukuk.com\/en\/wp-json\/wp\/v2\/media\/636"}],"wp:attachment":[{"href":"https:\/\/tugluhukuk.com\/en\/wp-json\/wp\/v2\/media?parent=105"}],"curies":[{"name":"wp","href":"https:\/\/api.w.org\/{rel}","templated":true}]}}