{"id":431,"date":"2025-08-10T01:56:04","date_gmt":"2025-08-09T22:56:04","guid":{"rendered":"https:\/\/tugluhukuk.com\/?page_id=431"},"modified":"2025-08-16T02:05:35","modified_gmt":"2025-08-15T23:05:35","slug":"hakkimizda","status":"publish","type":"page","link":"https:\/\/tugluhukuk.com\/en\/hakkimizda\/","title":{"rendered":"About Us"},"content":{"rendered":"<div data-elementor-type=\"wp-page\" data-elementor-id=\"431\" class=\"elementor elementor-431\">\n\t\t\t\t<div class=\"elementor-element elementor-element-b11bf9e e-flex e-con-boxed e-con e-parent\" data-id=\"b11bf9e\" data-element_type=\"container\" data-settings=\"{&quot;background_background&quot;:&quot;classic&quot;,&quot;jet_parallax_layout_list&quot;:[]}\">\n\t\t\t\t\t<div class=\"e-con-inner\">\n\t\t<div class=\"elementor-element elementor-element-58e35d7 e-con-full e-flex e-con e-child\" data-id=\"58e35d7\" data-element_type=\"container\" data-settings=\"{&quot;jet_parallax_layout_list&quot;:[]}\">\n\t\t\t\t<div class=\"elementor-element elementor-element-a1c2924 elementor-widget elementor-widget-heading\" data-id=\"a1c2924\" data-element_type=\"widget\" data-widget_type=\"heading.default\">\n\t\t\t\t\t<h2 class=\"elementor-heading-title elementor-size-default\">About Us<\/h2>\t\t\t\t<\/div>\n\t\t\t\t<\/div>\n\t\t\t\t\t<\/div>\n\t\t\t\t<\/div>\n\t\t<div class=\"elementor-element elementor-element-3addfd1 e-flex e-con-boxed elementor-invisible e-con e-parent\" data-id=\"3addfd1\" data-element_type=\"container\" data-settings=\"{&quot;jet_parallax_layout_list&quot;:[],&quot;animation&quot;:&quot;fadeInUp&quot;}\">\n\t\t\t\t\t<div class=\"e-con-inner\">\n\t\t<div class=\"elementor-element elementor-element-a5666c7 e-con-full e-flex e-con e-child\" data-id=\"a5666c7\" data-element_type=\"container\" data-settings=\"{&quot;jet_parallax_layout_list&quot;:[]}\">\n\t\t\t\t<div class=\"elementor-element elementor-element-e8b7233 elementor-widget elementor-widget-heading\" data-id=\"e8b7233\" data-element_type=\"widget\" data-widget_type=\"heading.default\">\n\t\t\t\t\t<h2 class=\"elementor-heading-title elementor-size-default\">About Us<\/h2>\t\t\t\t<\/div>\n\t\t\t\t<div class=\"elementor-element elementor-element-75876f6 elementor-widget elementor-widget-text-editor\" data-id=\"75876f6\" data-element_type=\"widget\" data-widget_type=\"text-editor.default\">\n\t\t\t\t\t\t\t\t\t<p data-start=\"227\" data-end=\"744\"><strong data-start=\"227\" data-end=\"249\">Tuglu Law Firm<\/strong>, a well-established firm in Alanya that provides reliable, transparent and result-oriented services to its clients in all areas of law. <strong data-start=\"354\" data-end=\"380\">Alanya law firm<\/strong>With our experienced attorneys and professional team, we serve a wide range of clients, from individuals to companies operating on a national scale. <strong data-start=\"527\" data-end=\"549\">legal consultancy<\/strong> And <strong data-start=\"553\" data-end=\"568\">litigation<\/strong> We provide legal services. Our goal is to defend each of our clients&#039; rights in the strongest possible way, manage their legal processes meticulously, and ensure they achieve the best possible outcome.<\/p><p data-start=\"746\" data-end=\"1275\">Since the day we were founded <strong data-start=\"774\" data-end=\"787\">honesty<\/strong>, <strong data-start=\"789\" data-end=\"801\">security<\/strong> And <strong data-start=\"805\" data-end=\"823\">professionalism<\/strong> We work without compromising our principles; we approach each case with a focus on each client&#039;s unique situation. By thoroughly analyzing our clients&#039; needs, we develop the most appropriate legal strategies for litigation or consulting processes. Specifically, <strong data-start=\"1105\" data-end=\"1133\">enforcement cases of banks<\/strong> Our strong experience and corporate references in the field enable us to be a reliable solution partner both locally and nationally.<\/p><p data-start=\"1277\" data-end=\"1642\">Our mastery of local legal dynamics in Alanya, combined with our experience throughout T\u00fcrkiye, provides our clients with <strong data-start=\"1398\" data-end=\"1452\">strong solutions both regionally and nationally<\/strong> We conduct each process with the principles of mastery of current legislation, effective communication, and results-oriented work, and we represent our clients&#039; rights in the best possible way.<\/p>\t\t\t\t\t\t\t\t<\/div>\n\t\t\t\t<\/div>\n\t\t<div class=\"elementor-element elementor-element-e25c7af e-con-full e-flex e-con e-child\" data-id=\"e25c7af\" data-element_type=\"container\" data-settings=\"{&quot;jet_parallax_layout_list&quot;:[]}\">\n\t\t\t\t<div class=\"elementor-element elementor-element-f9f40fe elementor-widget elementor-widget-image\" data-id=\"f9f40fe\" data-element_type=\"widget\" data-widget_type=\"image.default\">\n\t\t\t\t\t\t\t\t\t\t\t\t\t\t\t<img fetchpriority=\"high\" decoding=\"async\" width=\"1024\" height=\"683\" src=\"https:\/\/tugluhukuk.com\/wp-content\/uploads\/2025\/08\/WhatsApp-Image-2025-08-15-at-17.25.19-5-1024x683.jpeg\" class=\"attachment-large size-large wp-image-668\" alt=\"\" srcset=\"https:\/\/tugluhukuk.com\/wp-content\/uploads\/2025\/08\/WhatsApp-Image-2025-08-15-at-17.25.19-5-1024x683.jpeg 1024w, https:\/\/tugluhukuk.com\/wp-content\/uploads\/2025\/08\/WhatsApp-Image-2025-08-15-at-17.25.19-5-300x200.jpeg 300w, https:\/\/tugluhukuk.com\/wp-content\/uploads\/2025\/08\/WhatsApp-Image-2025-08-15-at-17.25.19-5-768x512.jpeg 768w, https:\/\/tugluhukuk.com\/wp-content\/uploads\/2025\/08\/WhatsApp-Image-2025-08-15-at-17.25.19-5-1536x1024.jpeg 1536w, https:\/\/tugluhukuk.com\/wp-content\/uploads\/2025\/08\/WhatsApp-Image-2025-08-15-at-17.25.19-5-18x12.jpeg 18w, https:\/\/tugluhukuk.com\/wp-content\/uploads\/2025\/08\/WhatsApp-Image-2025-08-15-at-17.25.19-5.jpeg 1600w\" sizes=\"(max-width: 1024px) 100vw, 1024px\" \/>\t\t\t\t\t\t\t\t\t\t\t\t\t\t\t<\/div>\n\t\t\t\t<\/div>\n\t\t\t\t\t<\/div>\n\t\t\t\t<\/div>\n\t\t<div class=\"elementor-element elementor-element-bd77be3 e-flex e-con-boxed elementor-invisible e-con e-parent\" data-id=\"bd77be3\" data-element_type=\"container\" data-settings=\"{&quot;background_background&quot;:&quot;classic&quot;,&quot;jet_parallax_layout_list&quot;:[],&quot;animation&quot;:&quot;fadeInUp&quot;}\">\n\t\t\t\t\t<div class=\"e-con-inner\">\n\t\t<div class=\"elementor-element elementor-element-76513e5 e-con-full e-flex e-con e-child\" data-id=\"76513e5\" data-element_type=\"container\" data-settings=\"{&quot;jet_parallax_layout_list&quot;:[]}\">\n\t\t\t\t<div class=\"elementor-element elementor-element-3c9f1de elementor-widget elementor-widget-heading\" data-id=\"3c9f1de\" data-element_type=\"widget\" data-widget_type=\"heading.default\">\n\t\t\t\t\t<h2 class=\"elementor-heading-title elementor-size-default\">Our Mission<\/h2>\t\t\t\t<\/div>\n\t\t\t\t<div class=\"elementor-element elementor-element-19262aa elementor-widget elementor-widget-text-editor\" data-id=\"19262aa\" data-element_type=\"widget\" data-widget_type=\"text-editor.default\">\n\t\t\t\t\t\t\t\t\t<p>As Tu\u011flu Law Firm, our mission is to serve individuals, institutions and especially <strong data-start=\"1739\" data-end=\"1760\">corporate banks<\/strong> Our mission is to provide reliable, transparent, and effective legal solutions for each of our clients. By developing strategies tailored to their needs, <strong data-start=\"1883\" data-end=\"1906\">the rule of law<\/strong> We prioritize and ensure the strongest protection of our clients&#039; rights. Our goal is not only to win cases; it is also to protect our clients&#039; long-term interests, minimize legal risks, and reinforce their sense of trust at every stage. In this regard: <strong data-start=\"2156\" data-end=\"2183\">commitment to ethical values<\/strong>, <strong data-start=\"2185\" data-end=\"2223\">knowledge-based strategy development<\/strong> And <strong data-start=\"2227\" data-end=\"2249\">taking quick action<\/strong> We work without compromising our principles.<\/p>\t\t\t\t\t\t\t\t<\/div>\n\t\t\t\t<\/div>\n\t\t<div class=\"elementor-element elementor-element-55dc914 e-con-full e-flex e-con e-child\" data-id=\"55dc914\" data-element_type=\"container\" data-settings=\"{&quot;jet_parallax_layout_list&quot;:[]}\">\n\t\t\t\t<div class=\"elementor-element elementor-element-fd6db5a elementor-widget elementor-widget-heading\" data-id=\"fd6db5a\" data-element_type=\"widget\" data-widget_type=\"heading.default\">\n\t\t\t\t\t<h2 class=\"elementor-heading-title elementor-size-default\">Our vision<\/h2>\t\t\t\t<\/div>\n\t\t\t\t<div class=\"elementor-element elementor-element-7c168ba elementor-widget elementor-widget-text-editor\" data-id=\"7c168ba\" data-element_type=\"widget\" data-widget_type=\"text-editor.default\">\n\t\t\t\t\t\t\t\t\t<p>Our vision is in Alanya and throughout T\u00fcrkiye. <strong data-start=\"2362\" data-end=\"2383\">leading law firm<\/strong> To strengthen our position and become a recognized brand both locally and internationally. In all areas of law, especially <strong data-start=\"2519\" data-end=\"2547\">enforcement cases of banks<\/strong>, <strong data-start=\"2549\" data-end=\"2564\">family law<\/strong>, <strong data-start=\"2566\" data-end=\"2581\">criminal law<\/strong> And <strong data-start=\"2585\" data-end=\"2603\">IT law<\/strong> We aim to provide high-standard services in areas requiring expertise such as: technological developments, digital law practices and current legislative changes, and we serve our clients closely. <strong data-start=\"2812\" data-end=\"2874\">Innovative and permanent solutions that meet the requirements of the age<\/strong> We offer.<\/p>\t\t\t\t\t\t\t\t<\/div>\n\t\t\t\t<\/div>\n\t\t<div class=\"elementor-element elementor-element-362a752 e-con-full e-flex e-con e-child\" data-id=\"362a752\" data-element_type=\"container\" data-settings=\"{&quot;jet_parallax_layout_list&quot;:[]}\">\n\t\t\t\t<div class=\"elementor-element elementor-element-53a4b91 elementor-widget elementor-widget-heading\" data-id=\"53a4b91\" data-element_type=\"widget\" data-widget_type=\"heading.default\">\n\t\t\t\t\t<h2 class=\"elementor-heading-title elementor-size-default\">Our values<\/h2>\t\t\t\t<\/div>\n\t\t\t\t<div class=\"elementor-element elementor-element-1e641ef elementor-widget elementor-widget-text-editor\" data-id=\"1e641ef\" data-element_type=\"widget\" data-widget_type=\"text-editor.default\">\n\t\t\t\t\t\t\t\t\t<p>As Tu\u011flu Law Firm, the values we adopt in all our work are; <strong data-start=\"2984\" data-end=\"2997\">honesty<\/strong>, <strong data-start=\"2999\" data-end=\"3011\">security<\/strong>, <strong data-start=\"3013\" data-end=\"3031\">professionalism<\/strong> And <strong data-start=\"3035\" data-end=\"3057\">client focus<\/strong> We establish transparent communication in every case, keep our clients regularly informed about the process, and make decisions together at every stage. <strong data-start=\"3208\" data-end=\"3218\">Justice<\/strong>, <strong data-start=\"3220\" data-end=\"3235\">impartiality<\/strong> And <strong data-start=\"3239\" data-end=\"3266\">adherence to ethical rules<\/strong>, are indisputable principles for us. Furthermore, in legal processes <strong data-start=\"3332\" data-end=\"3363\">acting quickly and effectively<\/strong> Our ability to gain the trust of our clients and establish long-term partnerships is our fundamental basis.<\/p>\t\t\t\t\t\t\t\t<\/div>\n\t\t\t\t<\/div>\n\t\t\t\t\t<\/div>\n\t\t\t\t<\/div>\n\t\t\t\t<\/div>","protected":false},"excerpt":{"rendered":"<p>Hakk\u0131m\u0131zda Hakk\u0131m\u0131zda Tu\u011flu Hukuk B\u00fcrosu, Alanya\u2019da hukukun her alan\u0131nda m\u00fcvekkillerine g\u00fcvenilir, \u015feffaf ve sonu\u00e7 odakl\u0131 hizmet sunan k\u00f6kl\u00fc bir Alanya hukuk b\u00fcrosudur. Deneyimli avukat kadromuz ve profesyonel ekibimizle, bireylerden ulusal \u00f6l\u00e7ekte faaliyet g\u00f6steren \u015firketlere kadar geni\u015f bir m\u00fcvekkil portf\u00f6y\u00fcne hukuki dan\u0131\u015fmanl\u0131k ve dava takibi hizmetleri veriyoruz. Amac\u0131m\u0131z; her bir m\u00fcvekkilimizin haklar\u0131n\u0131 en g\u00fc\u00e7l\u00fc \u015fekilde savunmak, [&hellip;]<\/p>","protected":false},"author":1,"featured_media":636,"parent":0,"menu_order":0,"comment_status":"closed","ping_status":"closed","template":"elementor_header_footer","meta":{"_acf_changed":false,"footnotes":""},"class_list":["post-431","page","type-page","status-publish","has-post-thumbnail","hentry"],"acf":[],"yoast_head":"<!-- This site is optimized with the Yoast SEO plugin v25.6 - https:\/\/yoast.com\/wordpress\/plugins\/seo\/ -->\n<title>Hakk\u0131m\u0131zda - Tu\u011flu Hukuk | Hukuk ve Dan\u0131\u015fmanl\u0131k Hizmeti<\/title>\n<meta name=\"robots\" content=\"index, follow, max-snippet:-1, max-image-preview:large, max-video-preview:-1\" \/>\n<link rel=\"canonical\" href=\"https:\/\/tugluhukuk.com\/en\/hakkimizda\/\" \/>\n<meta property=\"og:locale\" content=\"en_US\" \/>\n<meta property=\"og:type\" content=\"article\" \/>\n<meta property=\"og:title\" content=\"Hakk\u0131m\u0131zda - Tu\u011flu Hukuk | Hukuk ve Dan\u0131\u015fmanl\u0131k Hizmeti\" \/>\n<meta property=\"og:description\" content=\"Hakk\u0131m\u0131zda Hakk\u0131m\u0131zda Tu\u011flu Hukuk B\u00fcrosu, Alanya\u2019da hukukun her alan\u0131nda m\u00fcvekkillerine g\u00fcvenilir, \u015feffaf ve sonu\u00e7 odakl\u0131 hizmet sunan k\u00f6kl\u00fc bir Alanya hukuk b\u00fcrosudur. Deneyimli avukat kadromuz ve profesyonel ekibimizle, bireylerden ulusal \u00f6l\u00e7ekte faaliyet g\u00f6steren \u015firketlere kadar geni\u015f bir m\u00fcvekkil portf\u00f6y\u00fcne hukuki dan\u0131\u015fmanl\u0131k ve dava takibi hizmetleri veriyoruz. Amac\u0131m\u0131z; her bir m\u00fcvekkilimizin haklar\u0131n\u0131 en g\u00fc\u00e7l\u00fc \u015fekilde savunmak, [&hellip;]\" \/>\n<meta property=\"og:url\" content=\"https:\/\/tugluhukuk.com\/en\/hakkimizda\/\" \/>\n<meta property=\"og:site_name\" content=\"Tu\u011flu Hukuk | Hukuk ve Dan\u0131\u015fmanl\u0131k Hizmeti\" \/>\n<meta property=\"article:modified_time\" content=\"2025-08-15T23:05:35+00:00\" \/>\n<meta property=\"og:image\" content=\"https:\/\/tugluhukuk.com\/wp-content\/uploads\/2025\/08\/Tuglu-Hukuk-Favicon.png\" \/>\n\t<meta property=\"og:image:width\" content=\"1024\" \/>\n\t<meta property=\"og:image:height\" content=\"1024\" \/>\n\t<meta property=\"og:image:type\" content=\"image\/png\" \/>\n<meta name=\"twitter:card\" content=\"summary_large_image\" \/>\n<meta name=\"twitter:label1\" content=\"Est. reading time\" \/>\n\t<meta name=\"twitter:data1\" content=\"3 minutes\" \/>\n<script type=\"application\/ld+json\" class=\"yoast-schema-graph\">{\"@context\":\"https:\/\/schema.org\",\"@graph\":[{\"@type\":\"WebPage\",\"@id\":\"https:\/\/tugluhukuk.com\/hakkimizda\/\",\"url\":\"https:\/\/tugluhukuk.com\/hakkimizda\/\",\"name\":\"Hakk\u0131m\u0131zda - Tu\u011flu Hukuk | Hukuk ve Dan\u0131\u015fmanl\u0131k Hizmeti\",\"isPartOf\":{\"@id\":\"https:\/\/tugluhukuk.com\/#website\"},\"primaryImageOfPage\":{\"@id\":\"https:\/\/tugluhukuk.com\/hakkimizda\/#primaryimage\"},\"image\":{\"@id\":\"https:\/\/tugluhukuk.com\/hakkimizda\/#primaryimage\"},\"thumbnailUrl\":\"https:\/\/tugluhukuk.com\/wp-content\/uploads\/2025\/08\/Tuglu-Hukuk-Favicon.png\",\"datePublished\":\"2025-08-09T22:56:04+00:00\",\"dateModified\":\"2025-08-15T23:05:35+00:00\",\"breadcrumb\":{\"@id\":\"https:\/\/tugluhukuk.com\/hakkimizda\/#breadcrumb\"},\"inLanguage\":\"en-US\",\"potentialAction\":[{\"@type\":\"ReadAction\",\"target\":[\"https:\/\/tugluhukuk.com\/hakkimizda\/\"]}]},{\"@type\":\"ImageObject\",\"inLanguage\":\"en-US\",\"@id\":\"https:\/\/tugluhukuk.com\/hakkimizda\/#primaryimage\",\"url\":\"https:\/\/tugluhukuk.com\/wp-content\/uploads\/2025\/08\/Tuglu-Hukuk-Favicon.png\",\"contentUrl\":\"https:\/\/tugluhukuk.com\/wp-content\/uploads\/2025\/08\/Tuglu-Hukuk-Favicon.png\",\"width\":1024,\"height\":1024,\"caption\":\"Tu\u011flu Hukuk Favicon\"},{\"@type\":\"BreadcrumbList\",\"@id\":\"https:\/\/tugluhukuk.com\/hakkimizda\/#breadcrumb\",\"itemListElement\":[{\"@type\":\"ListItem\",\"position\":1,\"name\":\"Anasayfa\",\"item\":\"https:\/\/tugluhukuk.com\/\"},{\"@type\":\"ListItem\",\"position\":2,\"name\":\"Hakk\u0131m\u0131zda\"}]},{\"@type\":\"WebSite\",\"@id\":\"https:\/\/tugluhukuk.com\/#website\",\"url\":\"https:\/\/tugluhukuk.com\/\",\"name\":\"Tu\u011flu Hukuk | Hukuk ve Dan\u0131\u015fmanl\u0131k Hizmeti\",\"description\":\"Tu\u011flu Hukuk | Hukuk ve Dan\u0131\u015fmanl\u0131k Hizmeti\",\"potentialAction\":[{\"@type\":\"SearchAction\",\"target\":{\"@type\":\"EntryPoint\",\"urlTemplate\":\"https:\/\/tugluhukuk.com\/?s={search_term_string}\"},\"query-input\":{\"@type\":\"PropertyValueSpecification\",\"valueRequired\":true,\"valueName\":\"search_term_string\"}}],\"inLanguage\":\"en-US\"}]}<\/script>\n<!-- \/ Yoast SEO plugin. -->","yoast_head_json":{"title":"Hakk\u0131m\u0131zda - Tu\u011flu Hukuk | Hukuk ve Dan\u0131\u015fmanl\u0131k Hizmeti","robots":{"index":"index","follow":"follow","max-snippet":"max-snippet:-1","max-image-preview":"max-image-preview:large","max-video-preview":"max-video-preview:-1"},"canonical":"https:\/\/tugluhukuk.com\/en\/hakkimizda\/","og_locale":"en_US","og_type":"article","og_title":"Hakk\u0131m\u0131zda - Tu\u011flu Hukuk | Hukuk ve Dan\u0131\u015fmanl\u0131k Hizmeti","og_description":"Hakk\u0131m\u0131zda Hakk\u0131m\u0131zda Tu\u011flu Hukuk B\u00fcrosu, Alanya\u2019da hukukun her alan\u0131nda m\u00fcvekkillerine g\u00fcvenilir, \u015feffaf ve sonu\u00e7 odakl\u0131 hizmet sunan k\u00f6kl\u00fc bir Alanya hukuk b\u00fcrosudur. Deneyimli avukat kadromuz ve profesyonel ekibimizle, bireylerden ulusal \u00f6l\u00e7ekte faaliyet g\u00f6steren \u015firketlere kadar geni\u015f bir m\u00fcvekkil portf\u00f6y\u00fcne hukuki dan\u0131\u015fmanl\u0131k ve dava takibi hizmetleri veriyoruz. Amac\u0131m\u0131z; her bir m\u00fcvekkilimizin haklar\u0131n\u0131 en g\u00fc\u00e7l\u00fc \u015fekilde savunmak, [&hellip;]","og_url":"https:\/\/tugluhukuk.com\/en\/hakkimizda\/","og_site_name":"Tu\u011flu Hukuk | Hukuk ve Dan\u0131\u015fmanl\u0131k Hizmeti","article_modified_time":"2025-08-15T23:05:35+00:00","og_image":[{"width":1024,"height":1024,"url":"https:\/\/tugluhukuk.com\/wp-content\/uploads\/2025\/08\/Tuglu-Hukuk-Favicon.png","type":"image\/png"}],"twitter_card":"summary_large_image","twitter_misc":{"Est. reading time":"3 minutes"},"schema":{"@context":"https:\/\/schema.org","@graph":[{"@type":"WebPage","@id":"https:\/\/tugluhukuk.com\/hakkimizda\/","url":"https:\/\/tugluhukuk.com\/hakkimizda\/","name":"Hakk\u0131m\u0131zda - Tu\u011flu Hukuk | Hukuk ve Dan\u0131\u015fmanl\u0131k Hizmeti","isPartOf":{"@id":"https:\/\/tugluhukuk.com\/#website"},"primaryImageOfPage":{"@id":"https:\/\/tugluhukuk.com\/hakkimizda\/#primaryimage"},"image":{"@id":"https:\/\/tugluhukuk.com\/hakkimizda\/#primaryimage"},"thumbnailUrl":"https:\/\/tugluhukuk.com\/wp-content\/uploads\/2025\/08\/Tuglu-Hukuk-Favicon.png","datePublished":"2025-08-09T22:56:04+00:00","dateModified":"2025-08-15T23:05:35+00:00","breadcrumb":{"@id":"https:\/\/tugluhukuk.com\/hakkimizda\/#breadcrumb"},"inLanguage":"en-US","potentialAction":[{"@type":"ReadAction","target":["https:\/\/tugluhukuk.com\/hakkimizda\/"]}]},{"@type":"ImageObject","inLanguage":"en-US","@id":"https:\/\/tugluhukuk.com\/hakkimizda\/#primaryimage","url":"https:\/\/tugluhukuk.com\/wp-content\/uploads\/2025\/08\/Tuglu-Hukuk-Favicon.png","contentUrl":"https:\/\/tugluhukuk.com\/wp-content\/uploads\/2025\/08\/Tuglu-Hukuk-Favicon.png","width":1024,"height":1024,"caption":"Tu\u011flu Hukuk Favicon"},{"@type":"BreadcrumbList","@id":"https:\/\/tugluhukuk.com\/hakkimizda\/#breadcrumb","itemListElement":[{"@type":"ListItem","position":1,"name":"Anasayfa","item":"https:\/\/tugluhukuk.com\/"},{"@type":"ListItem","position":2,"name":"Hakk\u0131m\u0131zda"}]},{"@type":"WebSite","@id":"https:\/\/tugluhukuk.com\/#website","url":"https:\/\/tugluhukuk.com\/","name":"Tu\u011flu Hukuk | Hukuk ve Dan\u0131\u015fmanl\u0131k Hizmeti","description":"Tu\u011flu Hukuk | Hukuk ve Dan\u0131\u015fmanl\u0131k Hizmeti","potentialAction":[{"@type":"SearchAction","target":{"@type":"EntryPoint","urlTemplate":"https:\/\/tugluhukuk.com\/?s={search_term_string}"},"query-input":{"@type":"PropertyValueSpecification","valueRequired":true,"valueName":"search_term_string"}}],"inLanguage":"en-US"}]}},"_links":{"self":[{"href":"https:\/\/tugluhukuk.com\/en\/wp-json\/wp\/v2\/pages\/431","targetHints":{"allow":["GET"]}}],"collection":[{"href":"https:\/\/tugluhukuk.com\/en\/wp-json\/wp\/v2\/pages"}],"about":[{"href":"https:\/\/tugluhukuk.com\/en\/wp-json\/wp\/v2\/types\/page"}],"author":[{"embeddable":true,"href":"https:\/\/tugluhukuk.com\/en\/wp-json\/wp\/v2\/users\/1"}],"replies":[{"embeddable":true,"href":"https:\/\/tugluhukuk.com\/en\/wp-json\/wp\/v2\/comments?post=431"}],"version-history":[{"count":14,"href":"https:\/\/tugluhukuk.com\/en\/wp-json\/wp\/v2\/pages\/431\/revisions"}],"predecessor-version":[{"id":747,"href":"https:\/\/tugluhukuk.com\/en\/wp-json\/wp\/v2\/pages\/431\/revisions\/747"}],"wp:featuredmedia":[{"embeddable":true,"href":"https:\/\/tugluhukuk.com\/en\/wp-json\/wp\/v2\/media\/636"}],"wp:attachment":[{"href":"https:\/\/tugluhukuk.com\/en\/wp-json\/wp\/v2\/media?parent=431"}],"curies":[{"name":"wp","href":"https:\/\/api.w.org\/{rel}","templated":true}]}}